{"id":816,"date":"2021-02-26T11:02:17","date_gmt":"2021-02-26T10:02:17","guid":{"rendered":"https:\/\/www.target-websolutions.de\/kundenseiten\/mediagentur\/Beispielseite\/?page_id=816"},"modified":"2021-02-27T22:38:47","modified_gmt":"2021-02-27T21:38:47","slug":"unsere-leistungen","status":"publish","type":"page","link":"https:\/\/www.target-websolutions.de\/kundenseiten\/mediagentur\/Beispielseite\/unsere-leistungen\/","title":{"rendered":"Unsere Leistungen"},"content":{"rendered":"<div id=\"pl-816\"  class=\"panel-layout\" ><div id=\"pg-816-0\"  class=\"panel-grid panel-no-style\" ><div id=\"pgc-816-0-0\"  class=\"panel-grid-cell\" ><div id=\"panel-816-0-0-0\" class=\"so-panel widget widget_themegrill_flash_heading tg-widget section-title-wrapper panel-first-child panel-last-child\" data-index=\"0\" >\t<h3 class=\"section-title\">Schwerpunkte<\/h3>\n<\/div><\/div><\/div><div id=\"pg-816-1\"  class=\"panel-grid panel-no-style\" ><div id=\"pgc-816-1-0\"  class=\"panel-grid-cell\" ><div id=\"panel-816-1-0-0\" class=\"so-panel widget widget_themegrill_flash_service tg-widget tg-single-service panel-first-child panel-last-child\" data-index=\"1\" >\n<div class=\"tg-service-widget tg-service-layout-1\">\n\t<div class=\"service-wrapper\">\n\t\t<div class=\"service-icon-title-wrapper clearfix\">\n\t\t\t\t\t\t<div class=\"service-icon-wrap\"><i class=\"fa fa-male\"><\/i><\/div>\n\t\t\t\t\t\t\t\t\t\t\t\t<h3 class=\"service-title-wrap\">\n\t\t\t\tAllgemeinmedizin\t\t\t\t\t\t\t<\/h3>\n\t\t\t\t\t<\/div>\n\t\t\t\t<div class=\"service-content-wrap\">Der Arbeitsbereich der Allgemeinmedizin beinhaltet die Grundversorgung aller Patienten mit k\u00f6rperlichen und seelischen Gesundheitsst\u00f6rungen in der Akut- und Langzeitversorgung sowie wesentliche Bereiche der Pr\u00e4vention (Vorsorge) und Rehabilitation. Allgemein\u00e4rzte sind darauf spezialisiert, als erste \u00e4rztliche Ansprechpartner bei allen Gesundheitsproblemen zu beraten.[1]<\/div>\n\t\t\t\t\t<\/div>\n<\/div>\n<\/div><\/div><div id=\"pgc-816-1-1\"  class=\"panel-grid-cell\" ><div id=\"panel-816-1-1-0\" class=\"so-panel widget widget_themegrill_flash_service tg-widget tg-single-service panel-first-child panel-last-child\" data-index=\"2\" >\n<div class=\"tg-service-widget tg-service-layout-1\">\n\t<div class=\"service-wrapper\">\n\t\t<div class=\"service-icon-title-wrapper clearfix\">\n\t\t\t\t\t\t<div class=\"service-icon-wrap\"><i class=\"fa fa-hand-stop-o\"><\/i><\/div>\n\t\t\t\t\t\t\t\t\t\t\t\t<h3 class=\"service-title-wrap\">\n\t\t\t\tChirotherapie\t\t\t\t\t\t\t<\/h3>\n\t\t\t\t\t<\/div>\n\t\t\t\t<div class=\"service-content-wrap\">Die Chirotherapie befasst sich grundlegend mit der Wiederherstellung der Beweglichkeit von Gelenken, die in Form und Zusammensetzung intakt sind, deren Funktion jedoch gest\u00f6rt ist. Funktionsst\u00f6rungen wie eingeschr\u00e4nkte Beweglichkeit (Blockierung) der Wirbels\u00e4ule und der Gelenke, Faszien und Muskeln sind die Zielpunkte der  Chirotherapie. [1]<\/div>\n\t\t\t\t\t<\/div>\n<\/div>\n<\/div><\/div><div id=\"pgc-816-1-2\"  class=\"panel-grid-cell\" ><div id=\"panel-816-1-2-0\" class=\"so-panel widget widget_themegrill_flash_service tg-widget tg-single-service panel-first-child panel-last-child\" data-index=\"3\" >\n<div class=\"tg-service-widget tg-service-layout-1\">\n\t<div class=\"service-wrapper\">\n\t\t<div class=\"service-icon-title-wrapper clearfix\">\n\t\t\t\t\t\t<div class=\"service-icon-wrap\"><i class=\"fa fa-user-md\"><\/i><\/div>\n\t\t\t\t\t\t\t\t\t\t\t\t<h3 class=\"service-title-wrap\">\n\t\t\t\tPalliativmedizin\t\t\t\t\t\t\t<\/h3>\n\t\t\t\t\t<\/div>\n\t\t\t\t<div class=\"service-content-wrap\">Palleativmedizin ist die aktive ganzheitliche Behandlung von Patienten mit einer voranschreitenden, weit fortgeschrittenen Erkrankung und einer begrenzten Lebenserwartung zu der Zeit, in der die Erkrankung nicht mehr auf eine kurative Behandlung anspricht und die Beherrschung von Schmerzen, anderen Krankheitsbeschwerden, psychischen, sozialen und spirituellen Problemen h\u00f6chste Priorit\u00e4t besitzt. [1] <\/div>\n\t\t\t\t\t<\/div>\n<\/div>\n<\/div><\/div><\/div><div id=\"pg-816-2\"  class=\"panel-grid panel-no-style\" ><div id=\"pgc-816-2-0\"  class=\"panel-grid-cell panel-grid-cell-empty\" ><\/div><\/div><div id=\"pg-816-3\"  class=\"panel-grid panel-no-style\" ><div id=\"pgc-816-3-0\"  class=\"panel-grid-cell\" ><div id=\"panel-816-3-0-0\" class=\"so-panel widget widget_themegrill_flash_heading tg-widget section-title-wrapper panel-first-child panel-last-child\" data-index=\"4\" >\t<h3 class=\"section-title\">Leistungen im Einzelnen<\/h3>\n<\/div><\/div><\/div><div id=\"pg-816-4\"  class=\"panel-grid panel-no-style\" ><div id=\"pgc-816-4-0\"  class=\"panel-grid-cell\" ><div id=\"panel-816-4-0-0\" class=\"so-panel widget widget_text panel-first-child panel-last-child\" data-index=\"5\" >\t\t\t<div class=\"textwidget\"><div class=\"et_pb_column et_pb_column_1_2\">\n<div class=\"et_pb_text et_pb_bg_layout_light et_pb_text_align_left\">\n<ul>\n<li>haus\u00e4rztliche Betreuung<\/li>\n<li>Chirotherapie<\/li>\n<li>palliativ medizinische Betreuung<\/li>\n<li>psychosomatische Grundversorgung<\/li>\n<li>Gesundheitsuntersuchung ab 35 J.<\/li>\n<li>Impfungen und Impfberatung<\/li>\n<li>Reisemedizinische Beratung und Impfungen<\/li>\n<li>Laboruntersuchungen<\/li>\n<li>EKG<\/li>\n<li>24-Stunden Blutdruckmessung<\/li>\n<li>Lungenfunktion<\/li>\n<li>Ultraschalluntersuchung<\/li>\n<li>Hautkrebsuntersuchung ab 35 J.<\/li>\n<li>Krebsvorsorge beim M\u00e4nnern ab 45 J.<\/li>\n<\/ul>\n<\/div>\n<\/div>\n<\/div>\n\t\t<\/div><\/div><div id=\"pgc-816-4-1\"  class=\"panel-grid-cell\" ><div id=\"panel-816-4-1-0\" class=\"so-panel widget widget_text panel-first-child panel-last-child\" data-index=\"6\" >\t\t\t<div class=\"textwidget\"><ul>\n<li>Allergietestung (Pricktest)<\/li>\n<li>KHK<\/li>\n<li>Asthma<\/li>\n<li>COPD<\/li>\n<li>Disease-Management-Programm (DMP) f\u00fcr:<\/li>\n<li>Diabetes mellitus Typ 2<\/li>\n<li>Gutachten aller Art, z.b. f\u00fcr Versicherungen oder Gerichte<\/li>\n<li>Hausbesuche bei medizinischer Notwendigkeit<\/li>\n<li>Jugend-Arbeit-Schutzuntersuchung<\/li>\n<li>Jugenduntersuchung J1 und J2<\/li>\n<li>Sporttauglichkeitsuntersuchung<\/li>\n<li>F\u00fchrerscheinuntersuchung<\/li>\n<li>individuelle Gesundheitsleistungen<\/li>\n<\/ul>\n<\/div>\n\t\t<\/div><\/div><\/div><div id=\"pg-816-5\"  class=\"panel-grid panel-no-style\" ><div id=\"pgc-816-5-0\"  class=\"panel-grid-cell\" ><div id=\"panel-816-5-0-0\" class=\"widget_text so-panel widget widget_custom_html panel-first-child panel-last-child\" data-index=\"7\" ><div class=\"textwidget custom-html-widget\"><div align=\"center\">\n<a href=\"javascript:history.back()\">Zur\u00fcck<\/a>\n<\/div><\/div><\/div><\/div><\/div><\/div>","protected":false},"excerpt":{"rendered":"<p>Schwerpunkte Allgemeinmedizin Der Arbeitsbereich der Allgemeinmedizin beinhaltet die Grundversorgung aller Patienten mit k\u00f6rperlichen und seelischen Gesundheitsst\u00f6rungen in der Akut- und [&hellip;]<\/p>\n","protected":false},"author":1,"featured_media":0,"parent":0,"menu_order":0,"comment_status":"closed","ping_status":"closed","template":"","meta":{"footnotes":""},"class_list":["post-816","page","type-page","status-publish","hentry"],"_links":{"self":[{"href":"https:\/\/www.target-websolutions.de\/kundenseiten\/mediagentur\/Beispielseite\/wp-json\/wp\/v2\/pages\/816","targetHints":{"allow":["GET"]}}],"collection":[{"href":"https:\/\/www.target-websolutions.de\/kundenseiten\/mediagentur\/Beispielseite\/wp-json\/wp\/v2\/pages"}],"about":[{"href":"https:\/\/www.target-websolutions.de\/kundenseiten\/mediagentur\/Beispielseite\/wp-json\/wp\/v2\/types\/page"}],"author":[{"embeddable":true,"href":"https:\/\/www.target-websolutions.de\/kundenseiten\/mediagentur\/Beispielseite\/wp-json\/wp\/v2\/users\/1"}],"replies":[{"embeddable":true,"href":"https:\/\/www.target-websolutions.de\/kundenseiten\/mediagentur\/Beispielseite\/wp-json\/wp\/v2\/comments?post=816"}],"version-history":[{"count":17,"href":"https:\/\/www.target-websolutions.de\/kundenseiten\/mediagentur\/Beispielseite\/wp-json\/wp\/v2\/pages\/816\/revisions"}],"predecessor-version":[{"id":1048,"href":"https:\/\/www.target-websolutions.de\/kundenseiten\/mediagentur\/Beispielseite\/wp-json\/wp\/v2\/pages\/816\/revisions\/1048"}],"wp:attachment":[{"href":"https:\/\/www.target-websolutions.de\/kundenseiten\/mediagentur\/Beispielseite\/wp-json\/wp\/v2\/media?parent=816"}],"curies":[{"name":"wp","href":"https:\/\/api.w.org\/{rel}","templated":true}]}}