{"id":1015,"date":"2021-02-27T21:43:04","date_gmt":"2021-02-27T20:43:04","guid":{"rendered":"https:\/\/www.target-websolutions.de\/kundenseiten\/mediagentur\/Beispielseite\/?page_id=1015"},"modified":"2021-02-27T21:57:28","modified_gmt":"2021-02-27T20:57:28","slug":"impressum","status":"publish","type":"page","link":"https:\/\/www.target-websolutions.de\/kundenseiten\/mediagentur\/Beispielseite\/impressum\/","title":{"rendered":"Impressum"},"content":{"rendered":"<p>Angaben gem\u00e4\u00df \u00a7 5 TMG<\/p>\n<p>Dr. Martin Mustermann<br \/>\nR\u00f6merstra\u00dfe 17<br \/>\n52064 Aachen<\/p>\n<p>E-Mail: info@dr.martin.mustermann.de<\/p>\n<p>Tel.: +49 (0)241 555 6965<br \/>\nFax: +49 (0)241 555 6966<\/p>\n<p>Plattform der EU-Kommission zur Online-Streitbeilegung: https:\/\/ec.europa.eu\/consumers\/odr<\/p>\n<p>Wir sind zur Teilnahme an einem Streitbeilegungsverfahren vor einer Verbraucherschlichtungsstelle weder verpflichtet noch bereit.<\/p>\n<p>Zust\u00e4ndige Kassen\u00e4rztliche Vereinigung Nordrhein<br \/>\nTeerstegenstr.9<br \/>\n40474 D\u00fcsseldorf<br \/>\nTelefon +49 (0)211 \u2013 59 70 82 79<br \/>\nTelefax +49 (0)211 \u2013 59 70 81 00<br \/>\nInternet http:\/\/www.kvno.de<\/p>\n<p>Zust\u00e4ndige Landes\u00e4rztekammer Nordrhein (Aufsichtsbeh\u00f6rde)<br \/>\nTeerstegenstr. 9<br \/>\n40474 D\u00fcssseldorf<br \/>\nTelefon +49 (0)211 \u2013 43 02 0<br \/>\nTelefax +49 (0)211 \u2013 43 02 200<br \/>\ne-mail aerztekammer@aekno.de<br \/>\nInternet http:\/\/www.aekno.de<\/p>\n","protected":false},"excerpt":{"rendered":"<p>Angaben gem\u00e4\u00df \u00a7 5 TMG Dr. Martin Mustermann R\u00f6merstra\u00dfe 17 52064 Aachen E-Mail: info@dr.martin.mustermann.de Tel.: +49 (0)241 555 6965 Fax: [&hellip;]<\/p>\n","protected":false},"author":1,"featured_media":0,"parent":0,"menu_order":0,"comment_status":"closed","ping_status":"closed","template":"","meta":{"footnotes":""},"class_list":["post-1015","page","type-page","status-publish","hentry"],"_links":{"self":[{"href":"https:\/\/www.target-websolutions.de\/kundenseiten\/mediagentur\/Beispielseite\/wp-json\/wp\/v2\/pages\/1015","targetHints":{"allow":["GET"]}}],"collection":[{"href":"https:\/\/www.target-websolutions.de\/kundenseiten\/mediagentur\/Beispielseite\/wp-json\/wp\/v2\/pages"}],"about":[{"href":"https:\/\/www.target-websolutions.de\/kundenseiten\/mediagentur\/Beispielseite\/wp-json\/wp\/v2\/types\/page"}],"author":[{"embeddable":true,"href":"https:\/\/www.target-websolutions.de\/kundenseiten\/mediagentur\/Beispielseite\/wp-json\/wp\/v2\/users\/1"}],"replies":[{"embeddable":true,"href":"https:\/\/www.target-websolutions.de\/kundenseiten\/mediagentur\/Beispielseite\/wp-json\/wp\/v2\/comments?post=1015"}],"version-history":[{"count":3,"href":"https:\/\/www.target-websolutions.de\/kundenseiten\/mediagentur\/Beispielseite\/wp-json\/wp\/v2\/pages\/1015\/revisions"}],"predecessor-version":[{"id":1033,"href":"https:\/\/www.target-websolutions.de\/kundenseiten\/mediagentur\/Beispielseite\/wp-json\/wp\/v2\/pages\/1015\/revisions\/1033"}],"wp:attachment":[{"href":"https:\/\/www.target-websolutions.de\/kundenseiten\/mediagentur\/Beispielseite\/wp-json\/wp\/v2\/media?parent=1015"}],"curies":[{"name":"wp","href":"https:\/\/api.w.org\/{rel}","templated":true}]}}